{"id":8999,"date":"2017-10-15T18:06:41","date_gmt":"2017-10-15T16:06:41","guid":{"rendered":"http:\/\/ohnis788407.de\/?page_id=8999"},"modified":"2017-12-31T18:10:29","modified_gmt":"2017-12-31T17:10:29","slug":"fotoprojekt-liebe-zur-fotografie","status":"publish","type":"page","link":"https:\/\/ohnis788407.de\/?page_id=8999","title":{"rendered":"Fotoprojekt &#8211; Liebe zur Fotografie"},"content":{"rendered":"<p>Hall\u00f6chen meine Lieben<\/p>\n<p>hier findet ihr alles \u00fcber das <strong>Fotoprojekt &#8211; Liebe zur Fotografie.<\/strong><\/p>\n<p style=\"text-align: center;\"><a href=\"https:\/\/i0.wp.com\/ohnis788407.de\/wp-content\/uploads\/Liebe-zur-Fotografie.jpg\"><img data-recalc-dims=\"1\" loading=\"lazy\" decoding=\"async\" class=\"size-full wp-image-8905 aligncenter\" src=\"https:\/\/i0.wp.com\/ohnis788407.de\/wp-content\/uploads\/Liebe-zur-Fotografie.jpg?resize=150%2C150\" alt=\"\" height=\"150\" width=\"150\" srcset=\"https:\/\/i0.wp.com\/ohnis788407.de\/wp-content\/uploads\/Liebe-zur-Fotografie.jpg?w=150&amp;ssl=1 150w, https:\/\/i0.wp.com\/ohnis788407.de\/wp-content\/uploads\/Liebe-zur-Fotografie.jpg?resize=100%2C100&amp;ssl=1 100w\" sizes=\"auto, (max-width: 150px) 100vw, 150px\" \/><\/a>(<strong>Das Logo d\u00fcrft ihr gerne mit in Euren Artikel einbinden<\/strong>)<\/p>\n<p><strong>Um was geht es bei dem Fotoprojekt?<\/strong><\/p>\n<p>Ich habe das Fotoprojekt ins Leben gerufen um die sch\u00f6nen Bilder die man macht auch gesehen werden und nicht einfach auf der Festplatte verstauben. Und Eure Bilder sind es wert mehr die Welt zu sehen dann seit ihr genau richtig bei meinem Fotoprojekt.<\/p>\n<p>Habt ihr Lust mit zu machen dann schreibt einen Beitrag und verlinkt ihn am jeweiligen Montag bei meinem Beitrag. Es ist egal ob Landschaft, Tiere, Geb\u00e4ude oder Personen einfach das war Euch gef\u00e4llt und Euch Spa\u00df gemacht hat zu fotografieren. Ihr d\u00fcrft Eure Bilder auch gerne per E \u2013 Mail schicken. Wenn ihr mir Eure Erlaubnis gebt w\u00fcrde ich Eure Bilder in meinem Beitrag kopieren und Euch selbstverst\u00e4ndlich verlinken.<\/p>\n<p class=\"entry-title\"><span style=\"color: #800000;\"><strong><a style=\"color: #800000;\" href=\"http:\/\/ohnis788407.de\/Archive\/9391\" rel=\"bookmark\">Liebe zur Fotografie XVI<\/a><\/strong><\/span><\/p>\n<p><a href=\"https:\/\/i0.wp.com\/ohnis788407.de\/wp-content\/uploads\/XVI.jpg\"><img data-recalc-dims=\"1\" loading=\"lazy\" decoding=\"async\" class=\"size-medium wp-image-9392 aligncenter\" src=\"https:\/\/i0.wp.com\/ohnis788407.de\/wp-content\/uploads\/XVI-300x134.jpg?resize=300%2C134\" alt=\"\" height=\"134\" width=\"300\" srcset=\"https:\/\/i0.wp.com\/ohnis788407.de\/wp-content\/uploads\/XVI.jpg?resize=300%2C134&amp;ssl=1 300w, https:\/\/i0.wp.com\/ohnis788407.de\/wp-content\/uploads\/XVI.jpg?w=800&amp;ssl=1 800w\" sizes=\"auto, (max-width: 300px) 100vw, 300px\" \/><\/a><\/p>\n<p class=\"entry-title\"><strong><span style=\"color: #800000;\"><a style=\"color: #800000;\" href=\"http:\/\/ohnis788407.de\/Archive\/9387\" rel=\"bookmark\">Liebe zur Fotografie XV<\/a><\/span><\/strong><\/p>\n<p><a href=\"https:\/\/i0.wp.com\/ohnis788407.de\/wp-content\/uploads\/XV.jpg\"><img data-recalc-dims=\"1\" loading=\"lazy\" decoding=\"async\" class=\"size-medium wp-image-9388 aligncenter\" src=\"https:\/\/i0.wp.com\/ohnis788407.de\/wp-content\/uploads\/XV-300x191.jpg?resize=300%2C191\" alt=\"\" height=\"191\" width=\"300\" srcset=\"https:\/\/i0.wp.com\/ohnis788407.de\/wp-content\/uploads\/XV.jpg?resize=300%2C191&amp;ssl=1 300w, https:\/\/i0.wp.com\/ohnis788407.de\/wp-content\/uploads\/XV.jpg?w=800&amp;ssl=1 800w\" sizes=\"auto, (max-width: 300px) 100vw, 300px\" \/><\/a><\/p>\n<p class=\"entry-title\"><strong><span style=\"color: #800000;\"><a style=\"color: #800000;\" href=\"http:\/\/ohnis788407.de\/Archive\/9383\" rel=\"bookmark\">Liebe zur Fotografie XIV<\/a><\/span><\/strong><\/p>\n<p><a href=\"https:\/\/i0.wp.com\/ohnis788407.de\/wp-content\/uploads\/XIV.jpg\"><img data-recalc-dims=\"1\" loading=\"lazy\" decoding=\"async\" class=\"size-medium wp-image-9384 aligncenter\" src=\"https:\/\/i0.wp.com\/ohnis788407.de\/wp-content\/uploads\/XIV-300x134.jpg?resize=300%2C134\" alt=\"\" height=\"134\" width=\"300\" srcset=\"https:\/\/i0.wp.com\/ohnis788407.de\/wp-content\/uploads\/XIV.jpg?resize=300%2C134&amp;ssl=1 300w, https:\/\/i0.wp.com\/ohnis788407.de\/wp-content\/uploads\/XIV.jpg?w=800&amp;ssl=1 800w\" sizes=\"auto, (max-width: 300px) 100vw, 300px\" \/><\/a><\/p>\n<p class=\"entry-title\"><span style=\"color: #800000;\"><strong><a style=\"color: #800000;\" href=\"http:\/\/ohnis788407.de\/Archive\/9378\" rel=\"bookmark\">Liebe zur Fotografie XIII<\/a><\/strong><\/span><\/p>\n<p><a href=\"https:\/\/i0.wp.com\/ohnis788407.de\/wp-content\/uploads\/XIII.jpg\"><img data-recalc-dims=\"1\" loading=\"lazy\" decoding=\"async\" class=\"size-medium wp-image-9379 aligncenter\" src=\"https:\/\/i0.wp.com\/ohnis788407.de\/wp-content\/uploads\/XIII-300x159.jpg?resize=300%2C159\" alt=\"\" height=\"159\" width=\"300\" srcset=\"https:\/\/i0.wp.com\/ohnis788407.de\/wp-content\/uploads\/XIII.jpg?resize=300%2C159&amp;ssl=1 300w, https:\/\/i0.wp.com\/ohnis788407.de\/wp-content\/uploads\/XIII.jpg?w=800&amp;ssl=1 800w\" sizes=\"auto, (max-width: 300px) 100vw, 300px\" \/><\/a><\/p>\n<p class=\"entry-title\"><strong><span style=\"color: #800000;\"><a style=\"color: #800000;\" href=\"http:\/\/ohnis788407.de\/Archive\/9202\" rel=\"bookmark\">Liebe zur Fotografie XII<\/a><\/span><\/strong><\/p>\n<p><a href=\"https:\/\/i0.wp.com\/ohnis788407.de\/wp-content\/uploads\/XII.jpg\"><img data-recalc-dims=\"1\" loading=\"lazy\" decoding=\"async\" class=\"size-medium wp-image-9203 aligncenter\" src=\"https:\/\/i0.wp.com\/ohnis788407.de\/wp-content\/uploads\/XII-300x100.jpg?resize=300%2C100\" alt=\"\" height=\"100\" width=\"300\" srcset=\"https:\/\/i0.wp.com\/ohnis788407.de\/wp-content\/uploads\/XII.jpg?resize=300%2C100&amp;ssl=1 300w, https:\/\/i0.wp.com\/ohnis788407.de\/wp-content\/uploads\/XII.jpg?w=800&amp;ssl=1 800w\" sizes=\"auto, (max-width: 300px) 100vw, 300px\" \/><\/a><\/p>\n<p class=\"entry-title\"><strong><span style=\"color: #800000;\"><a style=\"color: #800000;\" href=\"http:\/\/ohnis788407.de\/Archive\/9197\">Liebe zur Fotografie XI<\/a><\/span><\/strong><\/p>\n<p><a href=\"https:\/\/i0.wp.com\/ohnis788407.de\/wp-content\/uploads\/XI.jpg\"><img data-recalc-dims=\"1\" loading=\"lazy\" decoding=\"async\" class=\"size-medium wp-image-9198 aligncenter\" src=\"https:\/\/i0.wp.com\/ohnis788407.de\/wp-content\/uploads\/XI-300x100.jpg?resize=300%2C100\" alt=\"\" height=\"100\" width=\"300\" srcset=\"https:\/\/i0.wp.com\/ohnis788407.de\/wp-content\/uploads\/XI.jpg?resize=300%2C100&amp;ssl=1 300w, https:\/\/i0.wp.com\/ohnis788407.de\/wp-content\/uploads\/XI.jpg?w=800&amp;ssl=1 800w\" sizes=\"auto, (max-width: 300px) 100vw, 300px\" \/><\/a><\/p>\n<p class=\"entry-title\"><span style=\"color: #800000;\"><strong><a style=\"color: #800000;\" href=\"http:\/\/ohnis788407.de\/Archive\/9182\" rel=\"bookmark\">Liebe zur Fotografie X<\/a><\/strong><\/span><\/p>\n<p class=\"entry-title\"><span style=\"color: #800000;\"><a style=\"color: #800000;\" href=\"https:\/\/i0.wp.com\/ohnis788407.de\/wp-content\/uploads\/x.jpg\"><img data-recalc-dims=\"1\" loading=\"lazy\" decoding=\"async\" class=\"aligncenter wp-image-9183 size-medium\" src=\"https:\/\/i0.wp.com\/ohnis788407.de\/wp-content\/uploads\/x-300x134.jpg?resize=300%2C134\" alt=\"\" height=\"134\" width=\"300\" srcset=\"https:\/\/i0.wp.com\/ohnis788407.de\/wp-content\/uploads\/x.jpg?resize=300%2C134&amp;ssl=1 300w, https:\/\/i0.wp.com\/ohnis788407.de\/wp-content\/uploads\/x.jpg?w=800&amp;ssl=1 800w\" sizes=\"auto, (max-width: 300px) 100vw, 300px\" \/><\/a><\/span><\/p>\n<p class=\"entry-title\"><span style=\"color: #800000;\"><strong><a style=\"color: #800000;\" href=\"http:\/\/ohnis788407.de\/Archive\/9117\" rel=\"bookmark\">Liebe zur Fotografie IX<\/a><\/strong><\/span><\/p>\n<p class=\"entry-title\"><span style=\"color: #800000;\"><a style=\"color: #800000;\" href=\"https:\/\/i0.wp.com\/ohnis788407.de\/wp-content\/uploads\/IX.jpg\"><img data-recalc-dims=\"1\" loading=\"lazy\" decoding=\"async\" class=\"aligncenter wp-image-9118 size-medium\" src=\"https:\/\/i0.wp.com\/ohnis788407.de\/wp-content\/uploads\/IX-300x170.jpg?resize=300%2C170\" alt=\"\" height=\"170\" width=\"300\" srcset=\"https:\/\/i0.wp.com\/ohnis788407.de\/wp-content\/uploads\/IX.jpg?resize=300%2C170&amp;ssl=1 300w, https:\/\/i0.wp.com\/ohnis788407.de\/wp-content\/uploads\/IX.jpg?w=800&amp;ssl=1 800w\" sizes=\"auto, (max-width: 300px) 100vw, 300px\" \/><\/a><\/span><\/p>\n<p class=\"entry-title\"><span style=\"color: #800000;\"><strong><a style=\"color: #800000;\" href=\"http:\/\/ohnis788407.de\/Archive\/9114\" rel=\"bookmark\">Liebe zur Fotografie VIII<\/a><\/strong><\/span><\/p>\n<p class=\"entry-title\">&nbsp;<\/p>\n<p class=\"entry-title\"><a href=\"https:\/\/i0.wp.com\/ohnis788407.de\/wp-content\/uploads\/VIII.jpg\"><img data-recalc-dims=\"1\" loading=\"lazy\" decoding=\"async\" class=\"aligncenter wp-image-9115 size-medium\" src=\"https:\/\/i0.wp.com\/ohnis788407.de\/wp-content\/uploads\/VIII-300x134.jpg?resize=300%2C134\" alt=\"\" height=\"134\" width=\"300\" srcset=\"https:\/\/i0.wp.com\/ohnis788407.de\/wp-content\/uploads\/VIII.jpg?resize=300%2C134&amp;ssl=1 300w, https:\/\/i0.wp.com\/ohnis788407.de\/wp-content\/uploads\/VIII.jpg?w=800&amp;ssl=1 800w\" sizes=\"auto, (max-width: 300px) 100vw, 300px\" \/><\/a><\/p>\n<p><span style=\"color: #800000;\"><strong><a style=\"color: #800000;\" href=\"http:\/\/ohnis788407.de\/Archive\/date\/2017\/10\/23\">Liebe zur Fotografie VII<\/a><\/strong><\/span><\/p>\n<p><span style=\"color: #800000;\"><a style=\"color: #800000;\" href=\"https:\/\/i0.wp.com\/ohnis788407.de\/wp-content\/uploads\/VII.jpg\"><img data-recalc-dims=\"1\" loading=\"lazy\" decoding=\"async\" class=\"aligncenter wp-image-9110 size-medium\" src=\"https:\/\/i0.wp.com\/ohnis788407.de\/wp-content\/uploads\/VII-300x134.jpg?resize=300%2C134\" alt=\"\" height=\"134\" width=\"300\" srcset=\"https:\/\/i0.wp.com\/ohnis788407.de\/wp-content\/uploads\/VII.jpg?resize=300%2C134&amp;ssl=1 300w, https:\/\/i0.wp.com\/ohnis788407.de\/wp-content\/uploads\/VII.jpg?w=800&amp;ssl=1 800w\" sizes=\"auto, (max-width: 300px) 100vw, 300px\" \/><\/a><\/span><\/p>\n<p><span style=\"color: #800000;\"><strong><a style=\"color: #800000;\" href=\"http:\/\/ohnis788407.de\/Archive\/8994\">Liebe zur Fotografie VI<\/a><\/strong><\/span><\/p>\n<p><span style=\"color: #800000;\"><a style=\"color: #800000;\" href=\"https:\/\/i0.wp.com\/ohnis788407.de\/wp-content\/uploads\/VI.jpg\"><img data-recalc-dims=\"1\" loading=\"lazy\" decoding=\"async\" class=\"aligncenter wp-image-8996 size-medium\" src=\"https:\/\/i0.wp.com\/ohnis788407.de\/wp-content\/uploads\/VI-300x134.jpg?resize=300%2C134\" alt=\"\" height=\"134\" width=\"300\" srcset=\"https:\/\/i0.wp.com\/ohnis788407.de\/wp-content\/uploads\/VI.jpg?resize=300%2C134&amp;ssl=1 300w, https:\/\/i0.wp.com\/ohnis788407.de\/wp-content\/uploads\/VI.jpg?w=800&amp;ssl=1 800w\" sizes=\"auto, (max-width: 300px) 100vw, 300px\" \/><\/a><\/span><\/p>\n<p><span style=\"color: #800000;\"><strong><a style=\"color: #800000;\" href=\"http:\/\/ohnis788407.de\/Archive\/8903\">Liebe zur Fotografie V<\/a><\/strong><\/span><\/p>\n<p><span style=\"color: #800000;\"><a style=\"color: #800000;\" href=\"https:\/\/i0.wp.com\/ohnis788407.de\/wp-content\/uploads\/V.jpg\"><img data-recalc-dims=\"1\" loading=\"lazy\" decoding=\"async\" class=\"aligncenter wp-image-8906 size-medium\" src=\"https:\/\/i0.wp.com\/ohnis788407.de\/wp-content\/uploads\/V-300x201.jpg?resize=300%2C201\" alt=\"\" height=\"201\" width=\"300\" srcset=\"https:\/\/i0.wp.com\/ohnis788407.de\/wp-content\/uploads\/V.jpg?resize=300%2C201&amp;ssl=1 300w, https:\/\/i0.wp.com\/ohnis788407.de\/wp-content\/uploads\/V.jpg?w=800&amp;ssl=1 800w\" sizes=\"auto, (max-width: 300px) 100vw, 300px\" \/><\/a><\/span><\/p>\n<p><span style=\"color: #800000;\"><strong><a style=\"color: #800000;\" href=\"http:\/\/ohnis788407.de\/Archive\/8776\">Liebe zur Fotografie IV<\/a><\/strong><\/span><\/p>\n<p><span style=\"color: #800000;\"><a style=\"color: #800000;\" href=\"https:\/\/i0.wp.com\/ohnis788407.de\/wp-content\/uploads\/7-1.jpg\"><img data-recalc-dims=\"1\" loading=\"lazy\" decoding=\"async\" class=\"aligncenter wp-image-8780 size-medium\" src=\"https:\/\/i0.wp.com\/ohnis788407.de\/wp-content\/uploads\/7-1-300x115.jpg?resize=300%2C115\" alt=\"\" height=\"115\" width=\"300\" srcset=\"https:\/\/i0.wp.com\/ohnis788407.de\/wp-content\/uploads\/7-1.jpg?resize=300%2C115&amp;ssl=1 300w, https:\/\/i0.wp.com\/ohnis788407.de\/wp-content\/uploads\/7-1.jpg?w=800&amp;ssl=1 800w\" sizes=\"auto, (max-width: 300px) 100vw, 300px\" \/><\/a><\/span><\/p>\n<p><span style=\"color: #800000;\"><strong><a style=\"color: #800000;\" href=\"http:\/\/ohnis788407.de\/Archive\/8757\">Liebe zur Fotgrafie III<\/a><\/strong><\/span><\/p>\n<p><span style=\"color: #800000;\"><a style=\"color: #800000;\" href=\"https:\/\/i0.wp.com\/ohnis788407.de\/wp-content\/uploads\/5-1.jpg\"><img data-recalc-dims=\"1\" loading=\"lazy\" decoding=\"async\" class=\"aligncenter wp-image-8772 size-medium\" src=\"https:\/\/i0.wp.com\/ohnis788407.de\/wp-content\/uploads\/5-1-300x147.jpg?resize=300%2C147\" alt=\"\" height=\"147\" width=\"300\" srcset=\"https:\/\/i0.wp.com\/ohnis788407.de\/wp-content\/uploads\/5-1.jpg?resize=300%2C147&amp;ssl=1 300w, https:\/\/i0.wp.com\/ohnis788407.de\/wp-content\/uploads\/5-1.jpg?w=800&amp;ssl=1 800w\" sizes=\"auto, (max-width: 300px) 100vw, 300px\" \/><\/a><\/span><\/p>\n<p><span style=\"color: #800000;\"><a style=\"color: #800000;\" href=\"https:\/\/i0.wp.com\/ohnis788407.de\/wp-content\/uploads\/6-1.jpg\"><img data-recalc-dims=\"1\" loading=\"lazy\" decoding=\"async\" class=\"aligncenter wp-image-8773 size-medium\" src=\"https:\/\/i0.wp.com\/ohnis788407.de\/wp-content\/uploads\/6-1-300x61.jpg?resize=300%2C61\" alt=\"\" height=\"61\" width=\"300\" srcset=\"https:\/\/i0.wp.com\/ohnis788407.de\/wp-content\/uploads\/6-1.jpg?resize=300%2C61&amp;ssl=1 300w, https:\/\/i0.wp.com\/ohnis788407.de\/wp-content\/uploads\/6-1.jpg?w=800&amp;ssl=1 800w\" sizes=\"auto, (max-width: 300px) 100vw, 300px\" \/><\/a><\/span><\/p>\n<p><span style=\"color: #800000;\"><strong><a style=\"color: #800000;\" href=\"http:\/\/ohnis788407.de\/Archive\/8751\">Liebe zur Fotografie II<\/a><\/strong><\/span><\/p>\n<p><span style=\"color: #800000;\"><strong><a style=\"color: #800000;\" href=\"https:\/\/i0.wp.com\/ohnis788407.de\/wp-content\/uploads\/Zusammenfassung-III.jpg\"><img data-recalc-dims=\"1\" loading=\"lazy\" decoding=\"async\" class=\"aligncenter wp-image-8752 size-medium\" src=\"https:\/\/i0.wp.com\/ohnis788407.de\/wp-content\/uploads\/Zusammenfassung-III-300x150.jpg?resize=300%2C150\" alt=\"\" height=\"150\" width=\"300\" srcset=\"https:\/\/i0.wp.com\/ohnis788407.de\/wp-content\/uploads\/Zusammenfassung-III.jpg?resize=300%2C150&amp;ssl=1 300w, https:\/\/i0.wp.com\/ohnis788407.de\/wp-content\/uploads\/Zusammenfassung-III.jpg?w=800&amp;ssl=1 800w\" sizes=\"auto, (max-width: 300px) 100vw, 300px\" \/><\/a><\/strong><\/span><\/p>\n<p><span style=\"color: #800000;\"><strong><a style=\"color: #800000;\" href=\"https:\/\/i0.wp.com\/ohnis788407.de\/wp-content\/uploads\/4-3.jpg\"><img data-recalc-dims=\"1\" loading=\"lazy\" decoding=\"async\" class=\"aligncenter wp-image-8753 size-medium\" src=\"https:\/\/i0.wp.com\/ohnis788407.de\/wp-content\/uploads\/4-3-300x100.jpg?resize=300%2C100\" alt=\"\" height=\"100\" width=\"300\" srcset=\"https:\/\/i0.wp.com\/ohnis788407.de\/wp-content\/uploads\/4-3.jpg?resize=300%2C100&amp;ssl=1 300w, https:\/\/i0.wp.com\/ohnis788407.de\/wp-content\/uploads\/4-3.jpg?w=800&amp;ssl=1 800w\" sizes=\"auto, (max-width: 300px) 100vw, 300px\" \/><\/a><\/strong><\/span><\/p>\n<p class=\"entry-title\"><span style=\"color: #800000;\"><strong><a style=\"color: #800000;\" href=\"http:\/\/ohnis788407.de\/Archive\/8744\">Liebe zur Fotografie<\/a><\/strong><\/span> ist entstanden<\/p>\n<p class=\"entry-title\"><a href=\"https:\/\/i0.wp.com\/ohnis788407.de\/wp-content\/uploads\/zusammenfassung.jpg\"><img data-recalc-dims=\"1\" loading=\"lazy\" decoding=\"async\" class=\"aligncenter wp-image-8746 size-medium\" src=\"https:\/\/i0.wp.com\/ohnis788407.de\/wp-content\/uploads\/zusammenfassung-300x242.jpg?resize=300%2C242\" alt=\"\" height=\"242\" width=\"300\" srcset=\"https:\/\/i0.wp.com\/ohnis788407.de\/wp-content\/uploads\/zusammenfassung.jpg?resize=300%2C242&amp;ssl=1 300w, https:\/\/i0.wp.com\/ohnis788407.de\/wp-content\/uploads\/zusammenfassung.jpg?w=800&amp;ssl=1 800w\" sizes=\"auto, (max-width: 300px) 100vw, 300px\" \/><\/a><\/p>\n<p class=\"entry-title\">&nbsp;<\/p>\n<p class=\"entry-title\"><a href=\"https:\/\/i0.wp.com\/ohnis788407.de\/wp-content\/uploads\/zusammenfassung-II.jpg\"><img data-recalc-dims=\"1\" loading=\"lazy\" decoding=\"async\" class=\"aligncenter wp-image-8747 size-medium\" src=\"https:\/\/i0.wp.com\/ohnis788407.de\/wp-content\/uploads\/zusammenfassung-II-300x194.jpg?resize=300%2C194\" alt=\"\" height=\"194\" width=\"300\" srcset=\"https:\/\/i0.wp.com\/ohnis788407.de\/wp-content\/uploads\/zusammenfassung-II.jpg?resize=300%2C194&amp;ssl=1 300w, https:\/\/i0.wp.com\/ohnis788407.de\/wp-content\/uploads\/zusammenfassung-II.jpg?w=800&amp;ssl=1 800w\" sizes=\"auto, (max-width: 300px) 100vw, 300px\" \/><\/a><\/p>\n<p><span style=\"border-radius: 2px; text-indent: 20px; width: auto; padding: 0px 4px 0px 0px; text-align: center; font: bold 11px\/20px 'Helvetica Neue',Helvetica,sans-serif; color: #ffffff; background: #bd081c none no-repeat scroll 3px 50% \/ 14px 14px; position: absolute; opacity: 1; z-index: 8675309; display: none; cursor: pointer; top: 752px; left: 380px;\">Merken<\/span><\/p>\n<p><span style=\"border-radius: 2px; text-indent: 20px; width: auto; padding: 0px 4px 0px 0px; text-align: center; font: bold 11px\/20px 'Helvetica Neue',Helvetica,sans-serif; color: #ffffff; background: #bd081c none no-repeat scroll 3px 50% \/ 14px 14px; position: absolute; opacity: 1; z-index: 8675309; display: block; cursor: pointer; top: 4532px; left: 130px;\">Merken<\/span><\/p>\n<p><span style=\"border-radius: 2px; text-indent: 20px; width: auto; padding: 0px 4px 0px 0px; text-align: center; font: bold 11px\/20px 'Helvetica Neue',Helvetica,sans-serif; color: #ffffff; background: #bd081c none no-repeat scroll 3px 50% \/ 14px 14px; position: absolute; opacity: 1; z-index: 8675309; display: none; cursor: pointer; top: 974px; left: 130px;\">Merken<\/span><\/p>\n<p><span style=\"border-radius: 2px; text-indent: 20px; width: auto; padding: 0px 4px 0px 0px; text-align: center; font: bold 11px\/20px 'Helvetica Neue',Helvetica,sans-serif; color: #ffffff; background: #bd081c none no-repeat scroll 3px 50% \/ 14px 14px; position: absolute; opacity: 1; z-index: 8675309; display: none; cursor: pointer; top: 1054px; left: 130px;\">Merken<\/span><\/p>\n<p><span style=\"border-radius: 2px; text-indent: 20px; width: auto; padding: 0px 4px 0px 0px; text-align: center; font: bold 11px\/20px 'Helvetica Neue',Helvetica,sans-serif; color: #ffffff; background: #bd081c no-repeat scroll 3px 50% \/ 14px 14px; position: absolute; opacity: 1; z-index: 8675309; display: none; cursor: pointer; top: 578px; left: 380px;\">Merken<\/span><\/p>\n<p><span style=\"border-radius: 2px; text-indent: 20px; width: auto; padding: 0px 4px 0px 0px; text-align: center; font: bold 11px\/20px 'Helvetica Neue',Helvetica,sans-serif; color: #ffffff; background: #bd081c no-repeat scroll 3px 50% \/ 14px 14px; position: absolute; opacity: 1; z-index: 8675309; display: none; cursor: pointer; top: 562px; left: 380px;\">Merken<\/span><\/p>\n<p><span style=\"border-radius: 2px; text-indent: 20px; width: auto; padding: 0px 4px 0px 0px; text-align: center; font: bold 11px\/20px 'Helvetica Neue',Helvetica,sans-serif; color: #ffffff; background: #bd081c  no-repeat scroll 3px 50% \/ 14px 14px; position: absolute; opacity: 1; z-index: 8675309; display: none; cursor: pointer; top: 546px; left: 20px;\">Merken<\/span><\/p>\n","protected":false},"excerpt":{"rendered":"<p>Hall\u00f6chen meine Lieben hier findet ihr alles \u00fcber das Fotoprojekt &#8211; Liebe zur Fotografie. (Das Logo d\u00fcrft ihr gerne mit in Euren Artikel einbinden) Um was geht es bei dem Fotoprojekt? Ich habe das Fotoprojekt ins Leben gerufen um die sch\u00f6nen Bilder die man macht auch gesehen werden und nicht einfach auf der Festplatte verstauben. <a class=\"read-more\" href=\"https:\/\/ohnis788407.de\/?page_id=8999\">Read More<\/a><\/p>\n","protected":false},"author":1,"featured_media":0,"parent":0,"menu_order":1,"comment_status":"closed","ping_status":"closed","template":"","meta":{"ngg_post_thumbnail":0,"footnotes":""},"class_list":["post-8999","page","type-page","status-publish","hentry"],"jetpack-related-posts":[],"jetpack_sharing_enabled":true,"_links":{"self":[{"href":"https:\/\/ohnis788407.de\/index.php?rest_route=\/wp\/v2\/pages\/8999","targetHints":{"allow":["GET"]}}],"collection":[{"href":"https:\/\/ohnis788407.de\/index.php?rest_route=\/wp\/v2\/pages"}],"about":[{"href":"https:\/\/ohnis788407.de\/index.php?rest_route=\/wp\/v2\/types\/page"}],"author":[{"embeddable":true,"href":"https:\/\/ohnis788407.de\/index.php?rest_route=\/wp\/v2\/users\/1"}],"replies":[{"embeddable":true,"href":"https:\/\/ohnis788407.de\/index.php?rest_route=%2Fwp%2Fv2%2Fcomments&post=8999"}],"version-history":[{"count":10,"href":"https:\/\/ohnis788407.de\/index.php?rest_route=\/wp\/v2\/pages\/8999\/revisions"}],"predecessor-version":[{"id":9394,"href":"https:\/\/ohnis788407.de\/index.php?rest_route=\/wp\/v2\/pages\/8999\/revisions\/9394"}],"wp:attachment":[{"href":"https:\/\/ohnis788407.de\/index.php?rest_route=%2Fwp%2Fv2%2Fmedia&parent=8999"}],"curies":[{"name":"wp","href":"https:\/\/api.w.org\/{rel}","templated":true}]}}